{"id":4276,"date":"2024-07-24T10:58:11","date_gmt":"2024-07-24T09:58:11","guid":{"rendered":"https:\/\/monastrell.com\/cookies-policy\/"},"modified":"2024-11-25T12:20:54","modified_gmt":"2024-11-25T11:20:54","slug":"cookies-policy","status":"publish","type":"page","link":"https:\/\/monastrell.com\/en\/cookies-policy\/","title":{"rendered":"Cookies Policy"},"content":{"rendered":"\t\t<div data-elementor-type=\"wp-page\" data-elementor-id=\"4276\" class=\"elementor elementor-4276 elementor-2739\" data-elementor-post-type=\"page\">\n\t\t\t\t\t\t<section class=\"elementor-section elementor-top-section elementor-element elementor-element-1db766dc elementor-section-boxed elementor-section-height-default elementor-section-height-default\" data-id=\"1db766dc\" data-element_type=\"section\" data-e-type=\"section\">\n\t\t\t\t\t\t<div class=\"elementor-container elementor-column-gap-default\">\n\t\t\t\t\t<div class=\"elementor-column elementor-col-100 elementor-top-column elementor-element elementor-element-1c6abc0c\" data-id=\"1c6abc0c\" data-element_type=\"column\" data-e-type=\"column\">\n\t\t\t<div class=\"elementor-widget-wrap elementor-element-populated\">\n\t\t\t\t\t\t<div class=\"elementor-element elementor-element-7bc827f elementor-widget elementor-widget-heading\" data-id=\"7bc827f\" data-element_type=\"widget\" data-e-type=\"widget\" data-widget_type=\"heading.default\">\n\t\t\t\t<div class=\"elementor-widget-container\">\n\t\t\t\t\t<h1 class=\"elementor-heading-title elementor-size-default\">Cookies Policy<\/h1>\t\t\t\t<\/div>\n\t\t\t\t<\/div>\n\t\t\t\t<div class=\"elementor-element elementor-element-a99984d elementor-widget-divider--separator-type-pattern elementor-widget-divider--view-line elementor-widget elementor-widget-divider\" data-id=\"a99984d\" data-element_type=\"widget\" data-e-type=\"widget\" data-widget_type=\"divider.default\">\n\t\t\t\t<div class=\"elementor-widget-container\">\n\t\t\t\t\t\t\t<div class=\"elementor-divider\" style=\"--divider-pattern-url: url(&quot;data:image\/svg+xml,%3Csvg xmlns=&#039;http:\/\/www.w3.org\/2000\/svg&#039; preserveAspectRatio=&#039;none&#039; overflow=&#039;visible&#039; height=&#039;100%&#039; viewBox=&#039;0 0 24 24&#039; fill=&#039;none&#039; stroke=&#039;black&#039; stroke-width=&#039;1&#039; stroke-linecap=&#039;square&#039; stroke-miterlimit=&#039;10&#039;%3E%3Cpath d=&#039;M0,6c6,0,6,13,12,13S18,6,24,6&#039;\/%3E%3C\/svg%3E&quot;);\">\n\t\t\t<span class=\"elementor-divider-separator\">\n\t\t\t\t\t\t<\/span>\n\t\t<\/div>\n\t\t\t\t\t\t<\/div>\n\t\t\t\t<\/div>\n\t\t\t\t<div class=\"elementor-element elementor-element-9fdc697 elementor-widget elementor-widget-html\" data-id=\"9fdc697\" data-element_type=\"widget\" data-e-type=\"widget\" data-widget_type=\"html.default\">\n\t\t\t\t<div class=\"elementor-widget-container\">\n\t\t\t\t\t<script id=\"CookieDeclaration\" src=\"https:\/\/consent.cookiebot.com\/36e11c26-8c98-4961-809d-c6f5a38fb4d8\/cd.js\" type=\"text\/javascript\" async><\/script>\t\t\t\t<\/div>\n\t\t\t\t<\/div>\n\t\t\t\t<div class=\"elementor-element elementor-element-146664d3 elementor-hidden-desktop elementor-hidden-tablet elementor-hidden-mobile elementor-widget elementor-widget-text-editor\" data-id=\"146664d3\" data-element_type=\"widget\" data-e-type=\"widget\" data-widget_type=\"text-editor.default\">\n\t\t\t\t<div class=\"elementor-widget-container\">\n\t\t\t\t\t\t\t\t\t<p>En esta p\u00e1gina web, monastrell.com, recopilamos y utilizamos la informaci\u00f3n seg\u00fan indicamos en nuestra pol\u00edtica de privacidad. Una de las formas en las que recogemos este tipo de informaci\u00f3n es a trav\u00e9s del uso de la tecnolog\u00eda llamada \u201ccookies\u201d.<\/p><h4><b>\u00bfQu\u00e9 es una cookie?<\/b><\/h4><p>Una \u201ccookie\u201d es una peque\u00f1a cantidad de texto que se almacena en tu navegador <i>(p.ej. Chrome de Google o Safari de Apple)<\/i> cuando navegas por la mayor\u00eda de los sitios web.<\/p><h4><b>Aceptaci\u00f3n de cookies<\/b><\/h4><p>Al acceder a este sitio web o aplicaci\u00f3n por primera vez, aparecer\u00e1 una advertencia donde se le informa de la utilizaci\u00f3n de las cookies y donde se puede consultar esta pol\u00edtica de cookies.<\/p><p>No se descargar\u00e1 ninguna cookie hasta que el usuario no consienta expresamente la instalaci\u00f3n de las cookies. Si el usuario consiente la utilizaci\u00f3n de cookies, se realizar\u00e1 la instalaci\u00f3n de las mismas en su equipo o dispositivo.<\/p><p>Adem\u00e1s del uso de nuestras cookies propias, permitimos a terceros establecer cookies y acceder a ellas en su dispositivo.<\/p><h4><b>\u00bfQu\u00e9 informaci\u00f3n almacena una cookie?<\/b><\/h4><p>Las cookies no suelen almacenar informaci\u00f3n sensible sobre usted, como tarjetas de cr\u00e9dito o datos bancarios, fotograf\u00edas o informaci\u00f3n personal, etc. Los datos que guardan son de car\u00e1cter t\u00e9cnico, estad\u00edsticos, preferencias personales, personalizaci\u00f3n de contenidos, etc.<\/p><h4><b>\u00bfQu\u00e9 tipo de cookies existen?<\/b><\/h4><ul><li aria-level=\"1\"><b>Cookies t\u00e9cnicas:<\/b> Son las m\u00e1s elementales y permiten, entre otras cosas, saber cu\u00e1ndo est\u00e1 navegando un humano o una aplicaci\u00f3n automatizada, cu\u00e1ndo navega un usuario an\u00f3nimo y uno registrado, tareas b\u00e1sicas para el funcionamiento de cualquier web din\u00e1mica.<\/li><li aria-level=\"1\"><b>Cookies de an\u00e1lisis:<\/b> Recogen informaci\u00f3n sobre el tipo de navegaci\u00f3n que est\u00e1 realizando, las secciones que m\u00e1s utiliza, productos consultados, franja horaria de uso, idioma, etc.<\/li><li aria-level=\"1\"><b>Cookies publicitarias:<\/b> Muestran publicidad en funci\u00f3n de su navegaci\u00f3n, su pa\u00eds de procedencia, idioma, etc.<\/li><\/ul><h4><b>Cookies aceptadas por la normativa y cookies exceptuadas<\/b><\/h4><p>Seg\u00fan la directiva de la UE, las cookies que requieren el consentimiento informado por parte del usuario son las cookies de anal\u00edtica, y las de publicidad y afiliaci\u00f3n, quedando exceptuadas las de car\u00e1cter t\u00e9cnico y las necesarias para el funcionamiento del sitio web o la prestaci\u00f3n de servicios expresamente solicitados por el usuario.<\/p><h4><b>\u00bfQu\u00e9 cookies utiliza esta web?<\/b><\/h4><p>Esta web utiliza cookies propias y de terceros. En este sitio web se utilizan las cookies que se detallan a continuaci\u00f3n:<\/p><h4><b>COOKIES PROPIAS<\/b><\/h4><ul><li><b>Personalizaci\u00f3n:<\/b> Las cookies nos ayudan a recordar con qu\u00e9 personas o sitios web has interactuado, para que podamos mostrarte contenido relacionado. | SIDCC (duraci\u00f3n: 1 a\u00f1o), HSID,SSID, APISID, SAPISID (duraci\u00f3n: 2 a\u00f1os).<\/li><\/ul><ul><li><b>Preferencias:<\/b> Las cookies nos permiten recordar tus ajustes y preferencias, como el idioma preferido y tu configuraci\u00f3n de privacidad. | moove_gdpr_popup: Esta cookie guarda tu configuraci\u00f3n de cookies. | Duraci\u00f3n: hasta finalizar sesi\u00f3n.<\/li><\/ul><ul><li><b>Seguridad: <\/b>Utilizamos cookies para evitarte riesgos de seguridad. | Secure3PAPISID (duraci\u00f3n: 2 a\u00f1os), Secure-HSID (duraci\u00f3n: 2 meses), Secure-SSID (duraci\u00f3n: 2 meses), Secure-APSID (duraci\u00f3n: 2 meses).<\/li><\/ul><h4><b>COOKIES DE TERCEROS<\/b><\/h4><ul><li><b><i>Google Analytics<\/i><\/b><\/li><\/ul><p><b><i>Cookies anal\u00edticas: | <\/i><\/b><i>ga,_gat, _gat_gtag, _gid, |<\/i> Duraci\u00f3n:_ga: 2 a\u00f1os;_gat, _gid: 1 d\u00eda.<\/p><p>Esta web utiliza servicios de an\u00e1lisis, concretamente, <i>Google Analytics<\/i> para ayudar al website a analizar el uso que hacen los usuarios del sitio web y mejorar la usabilidad del mismo, pero en ning\u00fan caso se asocian a datos que pudieran llegar a identificar al usuario. Google Analytics es un servicio anal\u00edtico de web prestado por Google Inc. El usuario puede consultar <a href=\"https:\/\/www.google.es\/intl\/es\/policies\/technologies\/types\/\" target=\"_blank\" rel=\"noopener\"><i>aqu\u00ed<\/i><\/a> el tipo de cookies utilizadas por Google.<\/p><h4><b>\u00bfSe pueden eliminar las cookies?<\/b><\/h4><p>S\u00ed, y no s\u00f3lo eliminar, tambi\u00e9n bloquear, de forma general o particular para un dominio espec\u00edfico.<\/p><p>Para eliminar las cookies de un sitio web debe ir a la configuraci\u00f3n de su navegador y all\u00ed podr\u00e1 buscar las asociadas al dominio en cuesti\u00f3n y proceder a su eliminaci\u00f3n.<\/p><ul><li aria-level=\"1\">Configuraci\u00f3n de cookies para <a href=\"http:\/\/support.google.com\/chrome\/bin\/answer.py?hl=es&amp;answer=95647\" target=\"_blank\" rel=\"noopener\"><i>Google Chrome<\/i><\/a><\/li><li aria-level=\"1\">Configuraci\u00f3n de cookies para <a href=\"https:\/\/support.apple.com\/es-es\/HT201265\" target=\"_blank\" rel=\"noopener\"><i>Apple Safari<\/i><\/a><\/li><li aria-level=\"1\">Configuraci\u00f3n de cookies para <a href=\"https:\/\/support.microsoft.com\/en-us\/help\/17442\/windows-internet-explorer-delete-manage-cookies#ie=ie-10\" target=\"_blank\" rel=\"noopener\"><i>Internet Explorer<\/i><\/a><\/li><li aria-level=\"1\">Configuraci\u00f3n de cookies para <a href=\"https:\/\/support.mozilla.org\/es\/kb\/habilitar-y-deshabilitar-cookies-sitios-web-rastrear-preferencias?redirectlocale=es&amp;redirectslug=habilitar-y-deshabilitar-cookies-que-los-sitios-we\" target=\"_blank\" rel=\"noopener\"><i>Mozilla Firefox<\/i><\/a><i> <\/i><\/li><\/ul><h4><b>Aceptaci\u00f3n de cookies<\/b><\/h4><p>Al acceder a este sitio web o aplicaci\u00f3n por primera vez, se mostrar\u00e1 una advertencia donde se informa de la utilizaci\u00f3n de las cookies y donde puede consultar esta pol\u00edtica de cookies. Si el usuario consiente la utilizaci\u00f3n de cookies, se realizar\u00e1 la instalaci\u00f3n de las mismas en su equipo o dispositivo.<\/p><p>Adem\u00e1s del uso de nuestras cookies propias, permitimos a terceros establecer cookies y acceder a ellas en su ordenador. El consentimiento del uso de las cookies de estas empresas est\u00e1 ligado a la navegaci\u00f3n por este sitio web.<\/p><h4><b>M\u00e1s informaci\u00f3n sobre las cookies<\/b><\/h4><p>Puedes consultar el reglamento sobre cookies publicado por la Agencia Espa\u00f1ola de Protecci\u00f3n de Datos en su <i>\u201c<\/i><a href=\"https:\/\/www.aepd.es\/sites\/default\/files\/2020-07\/guia-cookies.pdf\"><i>Gu\u00eda sobre el uso de las cookies\u201d<\/i><\/a> y obtener m\u00e1s informaci\u00f3n sobre las cookies en Internet, <a href=\"http:\/\/www.aboutcookies.org\/\"><i>http:\/\/www.aboutcookies.org\/<\/i><\/a><\/p><p>Si desea tener un mayor control sobre la instalaci\u00f3n de cookies, puede instalar programas o complementos a su navegador, conocidos como herramientas de <i>\u201cDo Not Track\u201d<\/i>, que le permitir\u00e1n escoger aquellas cookies que desea permitir.<\/p>\t\t\t\t\t\t\t\t<\/div>\n\t\t\t\t<\/div>\n\t\t\t\t\t<\/div>\n\t\t<\/div>\n\t\t\t\t\t<\/div>\n\t\t<\/section>\n\t\t\t\t<\/div>\n\t\t","protected":false},"excerpt":{"rendered":"<p>Cookies Policy En esta p\u00e1gina web, monastrell.com, recopilamos y utilizamos la informaci\u00f3n seg\u00fan indicamos en nuestra pol\u00edtica de privacidad. Una de las formas en las que recogemos este tipo de informaci\u00f3n es a trav\u00e9s del uso de la tecnolog\u00eda llamada \u201ccookies\u201d. \u00bfQu\u00e9 es una cookie? Una \u201ccookie\u201d es una peque\u00f1a cantidad de texto que se &#8230; <a title=\"Cookies Policy\" class=\"read-more\" href=\"https:\/\/monastrell.com\/en\/cookies-policy\/\" aria-label=\"Read more about Cookies Policy\">Read more<\/a><\/p>\n","protected":false},"author":1,"featured_media":0,"parent":0,"menu_order":0,"comment_status":"closed","ping_status":"closed","template":"elementor_header_footer","meta":{"footnotes":""},"class_list":["post-4276","page","type-page","status-publish"],"yoast_head":"<!-- This site is optimized with the Yoast SEO plugin v27.4 - https:\/\/yoast.com\/product\/yoast-seo-wordpress\/ -->\n<title>Cookies Policy - Monastrell<\/title>\n<meta name=\"robots\" content=\"noindex, follow\" \/>\n<meta property=\"og:locale\" content=\"en_US\" \/>\n<meta property=\"og:type\" content=\"article\" \/>\n<meta property=\"og:title\" content=\"Cookies Policy - Monastrell\" \/>\n<meta property=\"og:description\" content=\"Cookies Policy En esta p\u00e1gina web, monastrell.com, recopilamos y utilizamos la informaci\u00f3n seg\u00fan indicamos en nuestra pol\u00edtica de privacidad. Una de las formas en las que recogemos este tipo de informaci\u00f3n es a trav\u00e9s del uso de la tecnolog\u00eda llamada \u201ccookies\u201d. \u00bfQu\u00e9 es una cookie? Una \u201ccookie\u201d es una peque\u00f1a cantidad de texto que se ... Read more\" \/>\n<meta property=\"og:url\" content=\"https:\/\/monastrell.com\/en\/cookies-policy\/\" \/>\n<meta property=\"og:site_name\" content=\"Monastrell\" \/>\n<meta property=\"article:modified_time\" content=\"2024-11-25T11:20:54+00:00\" \/>\n<meta property=\"og:image\" content=\"https:\/\/monastrell.com\/wp-content\/uploads\/Monastrell-logo-bronce-01.png\" \/>\n\t<meta property=\"og:image:width\" content=\"1238\" \/>\n\t<meta property=\"og:image:height\" content=\"553\" \/>\n\t<meta property=\"og:image:type\" content=\"image\/png\" \/>\n<meta name=\"twitter:card\" content=\"summary_large_image\" \/>\n<meta name=\"twitter:label1\" content=\"Est. reading time\" \/>\n\t<meta name=\"twitter:data1\" content=\"20 minutes\" \/>\n<script type=\"application\/ld+json\" class=\"yoast-schema-graph\">{\"@context\":\"https:\\\/\\\/schema.org\",\"@graph\":[{\"@type\":\"WebPage\",\"@id\":\"https:\\\/\\\/monastrell.com\\\/en\\\/cookies-policy\\\/\",\"url\":\"https:\\\/\\\/monastrell.com\\\/en\\\/cookies-policy\\\/\",\"name\":\"Cookies Policy - Monastrell\",\"isPartOf\":{\"@id\":\"https:\\\/\\\/monastrell.com\\\/en\\\/#website\"},\"datePublished\":\"2024-07-24T09:58:11+00:00\",\"dateModified\":\"2024-11-25T11:20:54+00:00\",\"breadcrumb\":{\"@id\":\"https:\\\/\\\/monastrell.com\\\/en\\\/cookies-policy\\\/#breadcrumb\"},\"inLanguage\":\"en-US\",\"potentialAction\":[{\"@type\":\"ReadAction\",\"target\":[\"https:\\\/\\\/monastrell.com\\\/en\\\/cookies-policy\\\/\"]}]},{\"@type\":\"BreadcrumbList\",\"@id\":\"https:\\\/\\\/monastrell.com\\\/en\\\/cookies-policy\\\/#breadcrumb\",\"itemListElement\":[{\"@type\":\"ListItem\",\"position\":1,\"name\":\"Portada\",\"item\":\"https:\\\/\\\/monastrell.com\\\/en\\\/\"},{\"@type\":\"ListItem\",\"position\":2,\"name\":\"Cookies Policy\"}]},{\"@type\":\"WebSite\",\"@id\":\"https:\\\/\\\/monastrell.com\\\/en\\\/#website\",\"url\":\"https:\\\/\\\/monastrell.com\\\/en\\\/\",\"name\":\"Monastrell\",\"description\":\"Restaurante de alta cocina mediterr\u00e1nea. M.J. San Rom\u00e1n\",\"publisher\":{\"@id\":\"https:\\\/\\\/monastrell.com\\\/en\\\/#organization\"},\"alternateName\":\"Mar\u00eda Jos\u00e9 San Rom\u00e1n\",\"potentialAction\":[{\"@type\":\"SearchAction\",\"target\":{\"@type\":\"EntryPoint\",\"urlTemplate\":\"https:\\\/\\\/monastrell.com\\\/en\\\/?s={search_term_string}\"},\"query-input\":{\"@type\":\"PropertyValueSpecification\",\"valueRequired\":true,\"valueName\":\"search_term_string\"}}],\"inLanguage\":\"en-US\"},{\"@type\":\"Organization\",\"@id\":\"https:\\\/\\\/monastrell.com\\\/en\\\/#organization\",\"name\":\"Monastrell - Mar\u00eda Jos\u00e9 San Rom\u00e1n\",\"alternateName\":\"Restaurante de alta cocina mediterr\u00e1nea. M.J. San Rom\u00e1n\",\"url\":\"https:\\\/\\\/monastrell.com\\\/en\\\/\",\"logo\":{\"@type\":\"ImageObject\",\"inLanguage\":\"en-US\",\"@id\":\"https:\\\/\\\/monastrell.com\\\/en\\\/#\\\/schema\\\/logo\\\/image\\\/\",\"url\":\"https:\\\/\\\/monastrell.com\\\/wp-content\\\/uploads\\\/Monastrell-logo-bronce-01.png\",\"contentUrl\":\"https:\\\/\\\/monastrell.com\\\/wp-content\\\/uploads\\\/Monastrell-logo-bronce-01.png\",\"width\":1238,\"height\":553,\"caption\":\"Monastrell - Mar\u00eda Jos\u00e9 San Rom\u00e1n\"},\"image\":{\"@id\":\"https:\\\/\\\/monastrell.com\\\/en\\\/#\\\/schema\\\/logo\\\/image\\\/\"}}]}<\/script>\n<!-- \/ Yoast SEO plugin. -->","yoast_head_json":{"title":"Cookies Policy - Monastrell","robots":{"index":"noindex","follow":"follow"},"og_locale":"en_US","og_type":"article","og_title":"Cookies Policy - Monastrell","og_description":"Cookies Policy En esta p\u00e1gina web, monastrell.com, recopilamos y utilizamos la informaci\u00f3n seg\u00fan indicamos en nuestra pol\u00edtica de privacidad. Una de las formas en las que recogemos este tipo de informaci\u00f3n es a trav\u00e9s del uso de la tecnolog\u00eda llamada \u201ccookies\u201d. \u00bfQu\u00e9 es una cookie? Una \u201ccookie\u201d es una peque\u00f1a cantidad de texto que se ... Read more","og_url":"https:\/\/monastrell.com\/en\/cookies-policy\/","og_site_name":"Monastrell","article_modified_time":"2024-11-25T11:20:54+00:00","og_image":[{"width":1238,"height":553,"url":"https:\/\/monastrell.com\/wp-content\/uploads\/Monastrell-logo-bronce-01.png","type":"image\/png"}],"twitter_card":"summary_large_image","twitter_misc":{"Est. reading time":"20 minutes"},"schema":{"@context":"https:\/\/schema.org","@graph":[{"@type":"WebPage","@id":"https:\/\/monastrell.com\/en\/cookies-policy\/","url":"https:\/\/monastrell.com\/en\/cookies-policy\/","name":"Cookies Policy - Monastrell","isPartOf":{"@id":"https:\/\/monastrell.com\/en\/#website"},"datePublished":"2024-07-24T09:58:11+00:00","dateModified":"2024-11-25T11:20:54+00:00","breadcrumb":{"@id":"https:\/\/monastrell.com\/en\/cookies-policy\/#breadcrumb"},"inLanguage":"en-US","potentialAction":[{"@type":"ReadAction","target":["https:\/\/monastrell.com\/en\/cookies-policy\/"]}]},{"@type":"BreadcrumbList","@id":"https:\/\/monastrell.com\/en\/cookies-policy\/#breadcrumb","itemListElement":[{"@type":"ListItem","position":1,"name":"Portada","item":"https:\/\/monastrell.com\/en\/"},{"@type":"ListItem","position":2,"name":"Cookies Policy"}]},{"@type":"WebSite","@id":"https:\/\/monastrell.com\/en\/#website","url":"https:\/\/monastrell.com\/en\/","name":"Monastrell","description":"Restaurante de alta cocina mediterr\u00e1nea. M.J. San Rom\u00e1n","publisher":{"@id":"https:\/\/monastrell.com\/en\/#organization"},"alternateName":"Mar\u00eda Jos\u00e9 San Rom\u00e1n","potentialAction":[{"@type":"SearchAction","target":{"@type":"EntryPoint","urlTemplate":"https:\/\/monastrell.com\/en\/?s={search_term_string}"},"query-input":{"@type":"PropertyValueSpecification","valueRequired":true,"valueName":"search_term_string"}}],"inLanguage":"en-US"},{"@type":"Organization","@id":"https:\/\/monastrell.com\/en\/#organization","name":"Monastrell - Mar\u00eda Jos\u00e9 San Rom\u00e1n","alternateName":"Restaurante de alta cocina mediterr\u00e1nea. M.J. San Rom\u00e1n","url":"https:\/\/monastrell.com\/en\/","logo":{"@type":"ImageObject","inLanguage":"en-US","@id":"https:\/\/monastrell.com\/en\/#\/schema\/logo\/image\/","url":"https:\/\/monastrell.com\/wp-content\/uploads\/Monastrell-logo-bronce-01.png","contentUrl":"https:\/\/monastrell.com\/wp-content\/uploads\/Monastrell-logo-bronce-01.png","width":1238,"height":553,"caption":"Monastrell - Mar\u00eda Jos\u00e9 San Rom\u00e1n"},"image":{"@id":"https:\/\/monastrell.com\/en\/#\/schema\/logo\/image\/"}}]}},"_links":{"self":[{"href":"https:\/\/monastrell.com\/en\/wp-json\/wp\/v2\/pages\/4276","targetHints":{"allow":["GET"]}}],"collection":[{"href":"https:\/\/monastrell.com\/en\/wp-json\/wp\/v2\/pages"}],"about":[{"href":"https:\/\/monastrell.com\/en\/wp-json\/wp\/v2\/types\/page"}],"author":[{"embeddable":true,"href":"https:\/\/monastrell.com\/en\/wp-json\/wp\/v2\/users\/1"}],"replies":[{"embeddable":true,"href":"https:\/\/monastrell.com\/en\/wp-json\/wp\/v2\/comments?post=4276"}],"version-history":[{"count":4,"href":"https:\/\/monastrell.com\/en\/wp-json\/wp\/v2\/pages\/4276\/revisions"}],"predecessor-version":[{"id":5219,"href":"https:\/\/monastrell.com\/en\/wp-json\/wp\/v2\/pages\/4276\/revisions\/5219"}],"wp:attachment":[{"href":"https:\/\/monastrell.com\/en\/wp-json\/wp\/v2\/media?parent=4276"}],"curies":[{"name":"wp","href":"https:\/\/api.w.org\/{rel}","templated":true}]}}